{"id":538,"date":"2020-05-16T17:38:14","date_gmt":"2020-05-16T17:38:14","guid":{"rendered":"https:\/\/procat.uma.es\/?page_id=538"},"modified":"2025-12-18T17:27:38","modified_gmt":"2025-12-18T17:27:38","slug":"contactos","status":"publish","type":"page","link":"https:\/\/procat.uma.es\/index.php\/contactos\/","title":{"rendered":"Contactos"},"content":{"rendered":"\n<p><\/p>\n\n\n\n<div class=\"wp-block-group\"><div class=\"wp-block-group__inner-container is-layout-flow wp-block-group-is-layout-flow\">\n<div class=\"wp-block-group\"><div class=\"wp-block-group__inner-container is-layout-flow wp-block-group-is-layout-flow\">\n<div class=\"wp-block-group has-black-color has-text-color\"><div class=\"wp-block-group__inner-container is-layout-flow wp-block-group-is-layout-flow\"><div class=\"wp-block-image\">\n<figure class=\"alignleft size-large\"><img loading=\"lazy\" decoding=\"async\" width=\"1024\" height=\"191\" src=\"https:\/\/procat.uma.es\/wp-content\/uploads\/2025\/12\/LOGO-PROCAT-NUEVO-1024x191.png\" alt=\"\" class=\"wp-image-2162\" style=\"aspect-ratio:5.361598043212393\" srcset=\"https:\/\/procat.uma.es\/wp-content\/uploads\/2025\/12\/LOGO-PROCAT-NUEVO-1024x191.png 1024w, https:\/\/procat.uma.es\/wp-content\/uploads\/2025\/12\/LOGO-PROCAT-NUEVO-300x56.png 300w, https:\/\/procat.uma.es\/wp-content\/uploads\/2025\/12\/LOGO-PROCAT-NUEVO-768x143.png 768w, https:\/\/procat.uma.es\/wp-content\/uploads\/2025\/12\/LOGO-PROCAT-NUEVO-1536x287.png 1536w, https:\/\/procat.uma.es\/wp-content\/uploads\/2025\/12\/LOGO-PROCAT-NUEVO-2048x382.png 2048w, https:\/\/procat.uma.es\/wp-content\/uploads\/2025\/12\/LOGO-PROCAT-NUEVO-600x112.png 600w, https:\/\/procat.uma.es\/wp-content\/uploads\/2025\/12\/LOGO-PROCAT-NUEVO-1600x299.png 1600w, https:\/\/procat.uma.es\/wp-content\/uploads\/2025\/12\/LOGO-PROCAT-NUEVO-1200x224.png 1200w, https:\/\/procat.uma.es\/wp-content\/uploads\/2025\/12\/LOGO-PROCAT-NUEVO-800x149.png 800w\" sizes=\"auto, (max-width: 1024px) 100vw, 1024px\" \/><\/figure>\n<\/div>\n\n\n<pre class=\"wp-block-preformatted\"><br><br><br><br><br><br><br><strong><em>Departamento de Ingenier\u00eda Qu\u00edmica. Facultad de Ciencias<br>Campus Universitario de Teatinos, s\/n<br>Universidad de M\u00e1laga (UMA)<br>E-29017 M\u00e1laga. Espa\u00f1a<br><\/em><\/strong><\/pre>\n<\/div><\/div>\n\n\n\n<ul class=\"wp-block-social-links is-style-logos-only is-layout-flex wp-block-social-links-is-layout-flex\"><\/ul>\n<\/div><\/div>\n<\/div><\/div>\n\n\n\n<div class=\"wp-block-group\"><div class=\"wp-block-group__inner-container is-layout-flow wp-block-group-is-layout-flow\">\n<div class=\"wp-block-group alignwide\"><div class=\"wp-block-group__inner-container is-layout-flow wp-block-group-is-layout-flow\">\n<figure class=\"wp-block-table alignwide is-style-stripes\"><table><tbody><tr><td class=\"has-text-align-center\" data-align=\"center\"><strong><span class=\"has-inline-color has-prussian-blue-color\"><a href=\"https:\/\/150.214.238.226:5001\/\">INTRANET<\/a><\/span><\/strong><\/td><td class=\"has-text-align-center\" data-align=\"center\"><span class=\"has-inline-color has-prussian-blue-color\"><strong>Red del Grupo de Investigaci\u00f3n <\/strong><br><em>Tecnolog\u00edas Procesos Catal\u00edticos<\/em><\/span><\/td><td class=\"has-text-align-center\" data-align=\"center\"><br><img loading=\"lazy\" decoding=\"async\" width=\"200\" height=\"105\" class=\"wp-image-858\" style=\"width: 200px;\" src=\"https:\/\/procat.uma.es\/wp-content\/uploads\/2020\/05\/DSM-PROCAT.gif\" alt=\"\"><\/td><\/tr><tr><td class=\"has-text-align-center\" data-align=\"center\"><a rel=\"noreferrer noopener\" href=\"https:\/\/recocat.com\/\" target=\"_blank\"><strong><span class=\"has-inline-color has-prussian-blue-color\">RECOCAT<\/span><\/strong><\/a><\/td><td class=\"has-text-align-center\" data-align=\"center\"><strong>Red Iberoamericana <\/strong>de <br><em>Cooperaci\u00f3n en Cat\u00e1lisis<\/em><br>Red de la AUIP<\/td><td class=\"has-text-align-center\" data-align=\"center\"><img loading=\"lazy\" decoding=\"async\" width=\"150\" height=\"147\" class=\"wp-image-856\" style=\"width: 150px;\" src=\"https:\/\/procat.uma.es\/wp-content\/uploads\/2020\/05\/RECOCAT-Logo.jpg\" alt=\"\"><\/td><\/tr><tr><td class=\"has-text-align-center\" data-align=\"center\"><a rel=\"noreferrer noopener\" href=\"http:\/\/www.sustainablebiorefineries.com\/\" target=\"_blank\"><strong><span class=\"has-inline-color has-prussian-blue-color\">BIOSOS<\/span><\/strong><\/a><\/td><td class=\"has-text-align-center\" data-align=\"center\"><br><strong>Red de Excelencia<\/strong> <br><em>Biorrefiner\u00edas Sostenibles<\/em><br><\/td><td class=\"has-text-align-center\" data-align=\"center\"><img loading=\"lazy\" decoding=\"async\" width=\"200\" height=\"59\" class=\"wp-image-1284\" style=\"width: 200px;\" src=\"https:\/\/procat.uma.es\/wp-content\/uploads\/2022\/03\/BIOSOS.jpg\" alt=\"\"><\/td><\/tr><tr><td class=\"has-text-align-center\" data-align=\"center\"><a href=\"https:\/\/www.cyted.org\/H2TRANSEL\" target=\"_blank\" rel=\"noreferrer noopener\"><strong><span style=\"background-color:rgba(0, 0, 0, 0)\" class=\"has-inline-color has-prussian-blue-color\">H2TRANSEL<\/span><\/strong><\/a>  <\/td><td class=\"has-text-align-center\" data-align=\"center\"><strong>CYTED &#8211; Red HIDR\u00d3GENO<\/strong><br><em>PRODUCCI\u00d3N Y USOS EN EL TRANSPORTE Y EL SECTOR EL\u00c9CTRICO<\/em><br><a href=\"https:\/\/twitter.com\/RedH2transel\"><strong><em>@RedH2transel<\/em><\/strong><\/a> <\/td><td class=\"has-text-align-center\" data-align=\"center\"><img loading=\"lazy\" decoding=\"async\" width=\"180\" height=\"72\" class=\"wp-image-1159\" style=\"width: 180px;\" src=\"https:\/\/procat.uma.es\/wp-content\/uploads\/2021\/11\/H2TRANSEL-1.png\" alt=\"\"><\/td><\/tr><tr><td class=\"has-text-align-center\" data-align=\"center\"><a href=\"https:\/\/www.ibyda.es\/\" target=\"_blank\" rel=\"noreferrer noopener\"><strong>IBYDA<\/strong><\/a><\/td><td class=\"has-text-align-center\" data-align=\"center\"><br><strong>Instituto de Biotecnolog\u00eda y Desarrollo Azul<\/strong><br><\/td><td class=\"has-text-align-center\" data-align=\"center\"><img loading=\"lazy\" decoding=\"async\" width=\"135\" height=\"96\" class=\"wp-image-1195\" style=\"width: 135px;\" src=\"https:\/\/procat.uma.es\/wp-content\/uploads\/2021\/11\/IBYDA.png\" alt=\"\"><\/td><\/tr><tr><td class=\"has-text-align-center\" data-align=\"center\"><\/td><td class=\"has-text-align-center\" data-align=\"center\"><br><a rel=\"noreferrer noopener\" href=\"https:\/\/www.uma.es\/departamento-de-ingenieria-quimica\/\" target=\"_blank\"><strong>Departamento de Ingenier\u00eda Qu\u00edmica<\/strong><\/a><br>UMA<br><\/td><td class=\"has-text-align-center\" data-align=\"center\"><\/td><\/tr><tr><td class=\"has-text-align-center\" data-align=\"center\"><a href=\"https:\/\/www.master-ingenieria-quimica.uma.es\/\" target=\"_blank\" rel=\"noreferrer noopener\"><strong>MIQ-UMA<\/strong><\/a><\/td><td class=\"has-text-align-center\" data-align=\"center\"><br><a href=\"https:\/\/www.master-ingenieria-quimica.uma.es\/\"><strong>M\u00e1ster Interuniversitario<\/strong><br>de Ingenier\u00eda Qu\u00edmica<\/a><br><a href=\"https:\/\/twitter.com\/MIQ_UMA\"><strong><em>@MIQ_UMA<\/em><\/strong><\/a><br><\/td><td class=\"has-text-align-center\" data-align=\"center\"><img loading=\"lazy\" decoding=\"async\" width=\"150\" height=\"60\" class=\"wp-image-1174\" style=\"width: 150px;\" src=\"https:\/\/procat.uma.es\/wp-content\/uploads\/2021\/11\/MIQ-UMA-1.png\" alt=\"\"><\/td><\/tr><tr><td class=\"has-text-align-center\" data-align=\"center\"><\/td><td class=\"has-text-align-center\" data-align=\"center\"><br><a rel=\"noreferrer noopener\" href=\"https:\/\/www.google.com\/maps\/place\/Facultad+de+Ciencias\/@36.7141663,-4.4725529,3a,75y,344.19h,92.47t\/data=!3m6!1e1!3m4!1s3r7f5uIKeWXCSoYVmyidWQ!2e0!7i16384!8i8192!4m5!3m4!1s0xd72f74920fab7c7:0xadd65a118740f93!8m2!3d36.7154446!4d-4.4729326\" target=\"_blank\"><strong>Facultad de Ciencias<\/strong><\/a><br>UMA<br><\/td><td class=\"has-text-align-center\" data-align=\"center\"><\/td><\/tr><tr><td class=\"has-text-align-center\" data-align=\"center\"><\/td><td class=\"has-text-align-center\" data-align=\"center\"><br><a href=\"https:\/\/www.uma.es\/\" target=\"_blank\" rel=\"noreferrer noopener\"><strong>Universidad de M\u00e1laga<\/strong><\/a><br>UMA<br><\/td><td class=\"has-text-align-center\" data-align=\"center\"><img loading=\"lazy\" decoding=\"async\" width=\"190\" height=\"35\" class=\"wp-image-877\" style=\"width: 190px;\" src=\"https:\/\/procat.uma.es\/wp-content\/uploads\/2020\/05\/UMA-LOgo-1.gif\" alt=\"\"><br><\/td><\/tr><tr><td class=\"has-text-align-center\" data-align=\"center\"><br><strong><span class=\"has-inline-color has-prussian-blue-color\"><a rel=\"noreferrer noopener\" href=\"https:\/\/www.uma.es\/otri\/\" target=\"_blank\">OTRI<\/a><\/span><\/strong><br><\/td><td class=\"has-text-align-center\" data-align=\"center\"><br><a href=\"http:\/\/ofertaidi.uma.es\/tecnologia-procesos-cataliticos.php\" target=\"_blank\" rel=\"noreferrer noopener\"><strong>Oferta I+D+i<\/strong><\/a><br><br><\/td><td class=\"has-text-align-center\" data-align=\"center\"><img loading=\"lazy\" decoding=\"async\" width=\"150\" height=\"77\" class=\"wp-image-875\" style=\"width: 150px;\" src=\"https:\/\/procat.uma.es\/wp-content\/uploads\/2020\/05\/OTRI-imagen.gif\" alt=\"\"><\/td><\/tr><tr><td class=\"has-text-align-center\" data-align=\"center\"><\/td><td class=\"has-text-align-center\" data-align=\"center\"><a href=\"https:\/\/catedra.fundacion-cepsa.uma.es\/\" target=\"_blank\" rel=\"noreferrer noopener\"><strong>C\u00e1tedra Fundaci\u00f3n CEPSA-UMA<\/strong><\/a><br><em>Digitalizaci\u00f3n de Procesos Industriales y Transici\u00f3n Ecol\u00f3gica<\/em><br><strong><em><a href=\"https:\/\/twitter.com\/CatedraCepsaUMA\">@CatedraCepsaUMA<\/a><\/em><\/strong><br><\/td><td class=\"has-text-align-center\" data-align=\"center\"><img loading=\"lazy\" decoding=\"async\" width=\"200\" height=\"37\" class=\"wp-image-1187\" style=\"width: 200px;\" src=\"https:\/\/procat.uma.es\/wp-content\/uploads\/2021\/11\/Fundacion-CEPSA.png\" alt=\"\"><\/td><\/tr><tr><td class=\"has-text-align-center\" data-align=\"center\"><a href=\"https:\/\/www.aeh2.org\/\" target=\"_blank\" rel=\"noreferrer noopener\"><strong>AeH<sub>2<\/sub><\/strong><\/a><\/td><td class=\"has-text-align-center\" data-align=\"center\"><br><a href=\"https:\/\/www.aeh2.org\/\" data-type=\"URL\" data-id=\"https:\/\/www.aeh2.org\/\"><strong>Asociaci\u00f3n Espa\u00f1ola del Hidr\u00f3geno<\/strong><\/a><br><\/td><td class=\"has-text-align-center\" data-align=\"center\"><br><img loading=\"lazy\" decoding=\"async\" width=\"100\" height=\"51\" class=\"wp-image-1310\" style=\"width: 100px;\" src=\"https:\/\/procat.uma.es\/wp-content\/uploads\/2022\/06\/logo_asociacion_espanola_hidrogeno_h2.png\" alt=\"\"><br><\/td><\/tr><tr><td class=\"has-text-align-center\" data-align=\"center\"><\/td><td class=\"has-text-align-center\" data-align=\"center\"><strong><a href=\"https:\/\/hidrogenoandalucia.org\/\">Cluster Andaluz del Hidr\u00f3geno<\/a><\/strong><\/td><td class=\"has-text-align-center\" data-align=\"center\"><br><img loading=\"lazy\" decoding=\"async\" width=\"150\" height=\"76\" class=\"wp-image-1671\" style=\"width: 150px;\" src=\"https:\/\/procat.uma.es\/wp-content\/uploads\/2023\/11\/ClusterAH_transparente1.png\" alt=\"\"><br><\/td><\/tr><tr><td class=\"has-text-align-center\" data-align=\"center\"><a href=\"https:\/\/appice.es\/\"><strong>APPICE<\/strong><\/a><\/td><td class=\"has-text-align-center\" data-align=\"center\"><strong><a href=\"https:\/\/appice.es\/\">Asociaci\u00f3n Espa\u00f1ola de Pilas de Combustible<\/a><\/strong><\/td><td class=\"has-text-align-center\" data-align=\"center\"><br><img loading=\"lazy\" decoding=\"async\" width=\"90\" height=\"99\" class=\"wp-image-1456\" style=\"width: 90px;\" src=\"https:\/\/procat.uma.es\/wp-content\/uploads\/2022\/11\/APPICE-LOGO.png\" alt=\"\"><br><\/td><\/tr><\/tbody><\/table><\/figure>\n\n\n\n<p><\/p>\n<\/div><\/div>\n\n\n\n<pre class=\"wp-block-preformatted\"><\/pre>\n<\/div><\/div>\n\n\n\n<p><\/p>\n","protected":false},"excerpt":{"rendered":"<p>Departamento de Ingenier\u00eda Qu\u00edmica. Facultad de CienciasCampus Universitario de Teatinos, s\/nUniversidad de M\u00e1laga (UMA)E-29017 M\u00e1laga. Espa\u00f1a INTRANET Red del Grupo [&hellip;]<\/p>\n","protected":false},"author":1,"featured_media":809,"parent":0,"menu_order":0,"comment_status":"closed","ping_status":"closed","template":"template-sidebar.php","meta":{"two_page_speed":[],"footnotes":""},"class_list":["post-538","page","type-page","status-publish","has-post-thumbnail","hentry","single-item","single-item--page"],"_links":{"self":[{"href":"https:\/\/procat.uma.es\/index.php\/wp-json\/wp\/v2\/pages\/538","targetHints":{"allow":["GET"]}}],"collection":[{"href":"https:\/\/procat.uma.es\/index.php\/wp-json\/wp\/v2\/pages"}],"about":[{"href":"https:\/\/procat.uma.es\/index.php\/wp-json\/wp\/v2\/types\/page"}],"author":[{"embeddable":true,"href":"https:\/\/procat.uma.es\/index.php\/wp-json\/wp\/v2\/users\/1"}],"replies":[{"embeddable":true,"href":"https:\/\/procat.uma.es\/index.php\/wp-json\/wp\/v2\/comments?post=538"}],"version-history":[{"count":99,"href":"https:\/\/procat.uma.es\/index.php\/wp-json\/wp\/v2\/pages\/538\/revisions"}],"predecessor-version":[{"id":2165,"href":"https:\/\/procat.uma.es\/index.php\/wp-json\/wp\/v2\/pages\/538\/revisions\/2165"}],"wp:featuredmedia":[{"embeddable":true,"href":"https:\/\/procat.uma.es\/index.php\/wp-json\/wp\/v2\/media\/809"}],"wp:attachment":[{"href":"https:\/\/procat.uma.es\/index.php\/wp-json\/wp\/v2\/media?parent=538"}],"curies":[{"name":"wp","href":"https:\/\/api.w.org\/{rel}","templated":true}]}}